{"id":645,"date":"2021-12-10T23:01:56","date_gmt":"2021-12-10T23:01:56","guid":{"rendered":"http:\/\/pos-sas.com\/aosistemas\/?page_id=645"},"modified":"2023-11-14T18:53:33","modified_gmt":"2023-11-14T18:53:33","slug":"nuestros-clientes","status":"publish","type":"page","link":"https:\/\/pos-sas.com\/aosistemas\/nuestros-clientes\/","title":{"rendered":"Nuestros Clientes"},"content":{"rendered":"<p>[et_pb_section fb_built=&#8221;1&#8243; fullwidth=&#8221;on&#8221; admin_label=&#8221;Header&#8221; _builder_version=&#8221;4.14.2&#8243; background_color=&#8221;#ff8800&#8243; background_enable_image=&#8221;off&#8221; box_shadow_style=&#8221;preset7&#8243; box_shadow_horizontal=&#8221;0px&#8221; box_shadow_vertical=&#8221;-80px&#8221; box_shadow_color=&#8221;#000000&#8243; global_colors_info=&#8221;{}&#8221;][et_pb_fullwidth_header title=&#8221; NUESTROS&#8221; subhead=&#8221;CLIENTES&#8221; logo_image_url=&#8221;http:\/\/pos-sas.com\/aosistemas\/wp-content\/uploads\/2021\/01\/electrician_04-1.png&#8221; content_max_width=&#8221;700px&#8221; _builder_version=&#8221;4.14.2&#8243; title_font=&#8221;Libre Franklin|300|||||||&#8221; title_font_size=&#8221;79px&#8221; title_line_height=&#8221;1.2em&#8221; subhead_font=&#8221;|700|||||||&#8221; subhead_font_size=&#8221;64px&#8221; subhead_line_height=&#8221;1.2em&#8221; background_color=&#8221;#E09900&#8243; use_background_color_gradient=&#8221;on&#8221; background_color_gradient_start=&#8221;rgba(0,0,0,0.5)&#8221; background_color_gradient_end=&#8221;#000000&#8243; background_color_gradient_type=&#8221;radial&#8221; background_color_gradient_direction_radial=&#8221;right&#8221; background_color_gradient_start_position=&#8221;10%&#8221; background_color_gradient_end_position=&#8221;60%&#8221; background_image=&#8221;http:\/\/pos-sas.com\/aosistemas\/wp-content\/uploads\/2021\/01\/electrician_17.png&#8221; background_position=&#8221;bottom_center&#8221; custom_button_one=&#8221;on&#8221; button_one_text_size=&#8221;14px&#8221; button_one_text_color=&#8221;#ffffff&#8221; button_one_bg_color=&#8221;#004ffe&#8221; button_one_border_width=&#8221;20px&#8221; button_one_border_color=&#8221;rgba(0,0,0,0)&#8221; button_one_border_radius=&#8221;0px&#8221; button_one_letter_spacing=&#8221;3px&#8221; button_one_font=&#8221;Libre Franklin|700||on|||||&#8221; button_one_icon=&#8221;&#x24;||divi||400&#8243; custom_button_two=&#8221;on&#8221; button_two_text_size=&#8221;14px&#8221; button_two_text_color=&#8221;#004ffe&#8221; button_two_bg_color=&#8221;#ffffff&#8221; button_two_border_width=&#8221;20px&#8221; button_two_border_color=&#8221;rgba(0,0,0,0)&#8221; button_two_border_radius=&#8221;0px&#8221; button_two_letter_spacing=&#8221;3px&#8221; button_two_font=&#8221;Libre Franklin|700||on|||||&#8221; button_two_icon=&#8221;&#x24;||divi||400&#8243; custom_margin=&#8221;||||false&#8221; custom_padding=&#8221;12vw||16vw||false&#8221; custom_padding_tablet=&#8221;80px||180px|&#8221; custom_padding_phone=&#8221;&#8221; custom_padding_last_edited=&#8221;on|phone&#8221; title_font_size_tablet=&#8221;54px&#8221; title_font_size_phone=&#8221;28px&#8221; title_font_size_last_edited=&#8221;on|phone&#8221; subhead_font_size_tablet=&#8221;54px&#8221; subhead_font_size_phone=&#8221;24px&#8221; subhead_font_size_last_edited=&#8221;on|phone&#8221; box_shadow_style_button_one=&#8221;preset4&#8243; box_shadow_horizontal_button_one=&#8221;-20px&#8221; box_shadow_vertical_button_one=&#8221;-20px&#8221; box_shadow_spread_button_one=&#8221;-5px&#8221; box_shadow_color_button_one=&#8221;rgba(0,79,254,0.4)&#8221; box_shadow_style_button_two=&#8221;preset4&#8243; box_shadow_horizontal_button_two=&#8221;20px&#8221; box_shadow_vertical_button_two=&#8221;20px&#8221; box_shadow_spread_button_two=&#8221;-5px&#8221; box_shadow_color_button_two=&#8221;rgba(255,255,255,0.2)&#8221; button_one_letter_spacing_hover=&#8221;3px&#8221; button_two_letter_spacing_hover=&#8221;3px&#8221; global_colors_info=&#8221;{}&#8221; button_one_text_size__hover_enabled=&#8221;off&#8221; button_two_text_size__hover_enabled=&#8221;off&#8221; button_one_text_color__hover_enabled=&#8221;off&#8221; button_two_text_color__hover_enabled=&#8221;off&#8221; button_one_border_width__hover_enabled=&#8221;off&#8221; button_two_border_width__hover_enabled=&#8221;off&#8221; button_one_border_color__hover_enabled=&#8221;off&#8221; button_two_border_color__hover_enabled=&#8221;off&#8221; button_one_border_radius__hover_enabled=&#8221;off&#8221; button_two_border_radius__hover_enabled=&#8221;off&#8221; button_one_letter_spacing__hover_enabled=&#8221;on&#8221; button_one_letter_spacing__hover=&#8221;3px&#8221; button_two_letter_spacing__hover_enabled=&#8221;on&#8221; button_two_letter_spacing__hover=&#8221;3px&#8221; button_one_bg_color__hover_enabled=&#8221;off&#8221; button_two_bg_color__hover_enabled=&#8221;off&#8221;][\/et_pb_fullwidth_header][\/et_pb_section][et_pb_section fb_built=&#8221;1&#8243; admin_label=&#8221;About Section&#8221; _builder_version=&#8221;3.22&#8243; background_color=&#8221;#ffb400&#8243; background_image=&#8221;http:\/\/pos-sas.com\/aosistemas\/wp-content\/uploads\/2021\/01\/electrician_19.png&#8221; background_position=&#8221;top_center&#8221; custom_padding=&#8221;0px||0px||true&#8221; global_colors_info=&#8221;{}&#8221;][et_pb_row column_structure=&#8221;2_3,1_3&#8243; padding_top_bottom_link_1=&#8221;false&#8221; padding_left_right_link_1=&#8221;true&#8221; _builder_version=&#8221;3.25&#8243; width=&#8221;100%&#8221; max_width=&#8221;100%&#8221; custom_margin=&#8221;20px|auto||auto||&#8221; custom_padding=&#8221;0px||0||false|false&#8221; use_custom_width=&#8221;on&#8221; width_unit=&#8221;off&#8221; custom_width_percent=&#8221;100%&#8221; global_colors_info=&#8221;{}&#8221;][et_pb_column type=&#8221;2_3&#8243; _builder_version=&#8221;3.25&#8243; custom_padding=&#8221;120px|8%||8%&#8221; custom_padding_tablet=&#8221;40px|||&#8221; custom_padding_phone=&#8221;40px|||&#8221; custom_padding_last_edited=&#8221;on|tablet&#8221; global_colors_info=&#8221;{}&#8221; padding_tablet=&#8221;40px|||&#8221; padding_last_edited=&#8221;on|tablet&#8221; custom_padding__hover=&#8221;|||&#8221; padding_phone=&#8221;40px|||&#8221;][et_pb_image src=&#8221;http:\/\/pos-sas.com\/aosistemas\/wp-content\/uploads\/2021\/01\/electrician_09.png&#8221; _builder_version=&#8221;4.14.2&#8243; custom_margin=&#8221;-51px||4px||false|false&#8221; animation_style=&#8221;fold&#8221; animation_direction=&#8221;top&#8221; always_center_on_mobile=&#8221;off&#8221; locked=&#8221;off&#8221; global_colors_info=&#8221;{}&#8221;][\/et_pb_image][et_pb_text _builder_version=&#8221;4.14.2&#8243; text_font=&#8221;||||||||&#8221; header_font=&#8221;||||||||&#8221; header_2_font=&#8221;Libre Franklin|300|||||||&#8221; header_2_text_color=&#8221;#000000&#8243; header_2_font_size=&#8221;48px&#8221; header_2_line_height=&#8221;1.4em&#8221; custom_margin=&#8221;28px|||-6px|false|false&#8221; header_2_font_size_tablet=&#8221;42px&#8221; header_2_font_size_phone=&#8221;32px&#8221; header_2_font_size_last_edited=&#8221;on|phone&#8221; locked=&#8221;off&#8221; global_colors_info=&#8221;{}&#8221;]<\/p>\n<h1 style=\"text-align: left;\">Por m\u00e1s de siete a\u00f1os hemos logrado ser los aliados estrat\u00e9gicos en diferentes proyectos de perforaci\u00f3n, completamiento y Work Over.<\/h1>\n<p>[\/et_pb_text][et_pb_image src=&#8221;http:\/\/pos-sas.com\/aosistemas\/wp-content\/uploads\/2021\/01\/electrician_09.png&#8221; _builder_version=&#8221;4.14.2&#8243; custom_margin=&#8221;-24px||4px||false|false&#8221; custom_padding=&#8221;38px||||false|false&#8221; animation_style=&#8221;fold&#8221; animation_direction=&#8221;top&#8221; always_center_on_mobile=&#8221;off&#8221; locked=&#8221;off&#8221; global_colors_info=&#8221;{}&#8221;][\/et_pb_image][et_pb_text _builder_version=&#8221;4.14.2&#8243; text_font=&#8221;||||||||&#8221; header_font=&#8221;||||||||&#8221; header_font_size=&#8221;29px&#8221; header_2_font=&#8221;Libre Franklin|300|||||||&#8221; header_2_text_color=&#8221;#000000&#8243; header_2_font_size=&#8221;48px&#8221; header_2_line_height=&#8221;1.4em&#8221; custom_margin=&#8221;31px|||-6px|false|false&#8221; header_2_font_size_tablet=&#8221;42px&#8221; header_2_font_size_phone=&#8221;32px&#8221; header_2_font_size_last_edited=&#8221;on|phone&#8221; locked=&#8221;off&#8221; global_colors_info=&#8221;{}&#8221;]<\/p>\n<h1 style=\"text-align: justify;\">Contamos con contratos y\/o actividades vigentes con nuestros principales clientes, contribuyendo con el desarrollo de sus actividades en sus diferentes proyectos, en territorio nacional.<\/h1>\n<p>[\/et_pb_text][\/et_pb_column][et_pb_column type=&#8221;1_3&#8243; _builder_version=&#8221;3.25&#8243; custom_padding=&#8221;|||&#8221; custom_padding_tablet=&#8221;|||&#8221; custom_padding_phone=&#8221;|||&#8221; custom_padding_last_edited=&#8221;off|desktop&#8221; global_colors_info=&#8221;{}&#8221; padding_phone=&#8221;|||&#8221; padding_tablet=&#8221;|||&#8221; padding_last_edited=&#8221;off|desktop&#8221; custom_padding__hover=&#8221;|||&#8221;][et_pb_image src=&#8221;http:\/\/pos-sas.com\/aosistemas\/wp-content\/uploads\/2021\/12\/architect-woman-1-scaled.jpg&#8221; title_text=&#8221;Architect woman&#8221; align_tablet=&#8221;center&#8221; align_phone=&#8221;center&#8221; align_last_edited=&#8221;on|desktop&#8221; _builder_version=&#8221;4.14.2&#8243; use_background_color_gradient=&#8221;on&#8221; background_color_gradient_start=&#8221;rgba(0,0,0,0)&#8221; background_color_gradient_end=&#8221;#f97400&#8243; background_color_gradient_direction=&#8221;225deg&#8221; background_color_gradient_start_position=&#8221;70%&#8221; background_color_gradient_end_position=&#8221;70%&#8221; custom_padding=&#8221;||30px|30px||false&#8221; animation_style=&#8221;zoom&#8221; animation_intensity_zoom=&#8221;2%&#8221; box_shadow_style=&#8221;preset1&#8243; box_shadow_vertical=&#8221;50px&#8221; box_shadow_blur=&#8221;100px&#8221; locked=&#8221;off&#8221; global_colors_info=&#8221;{}&#8221;][\/et_pb_image][\/et_pb_column][\/et_pb_row][\/et_pb_section][et_pb_section fb_built=&#8221;1&#8243; admin_label=&#8221;Testimonials&#8221; _builder_version=&#8221;4.14.2&#8243; use_background_color_gradient=&#8221;on&#8221; background_color_gradient_start=&#8221;#ffffff&#8221; background_color_gradient_end=&#8221;#ffb400&#8243; background_color_gradient_direction=&#8221;135deg&#8221; background_color_gradient_start_position=&#8221;80%&#8221; background_color_gradient_end_position=&#8221;20%&#8221; custom_margin=&#8221;47px||||false|false&#8221; custom_padding=&#8221;120px|0px|54px|0px|false|false&#8221; global_colors_info=&#8221;{}&#8221;][et_pb_row column_structure=&#8221;1_2,1_2&#8243; _builder_version=&#8221;4.14.2&#8243; _module_preset=&#8221;default&#8221; custom_margin=&#8221;-159px||||false|false&#8221; global_colors_info=&#8221;{}&#8221;][et_pb_column type=&#8221;1_2&#8243; _builder_version=&#8221;4.9.1&#8243; _module_preset=&#8221;default&#8221; global_colors_info=&#8221;{}&#8221;][et_pb_image src=&#8221;http:\/\/pos-sas.com\/aosistemas\/wp-content\/uploads\/2021\/03\/193-1933181_welcome-to-the-pioneer-energy-services-programs-pioneer-2.png&#8221; title_text=&#8221;193-1933181_welcome-to-the-pioneer-energy-services-programs-pioneer-2&#8243; _builder_version=&#8221;4.9.1&#8243; _module_preset=&#8221;default&#8221; custom_margin=&#8221;23px||||false|false&#8221; global_colors_info=&#8221;{}&#8221;][\/et_pb_image][et_pb_image src=&#8221;http:\/\/pos-sas.com\/aosistemas\/wp-content\/uploads\/2021\/03\/1280px-Perenco_Logo.svg_-1024&#215;313-1.png&#8221; title_text=&#8221;1280px-Perenco_Logo.svg_-1024&#215;313&#8243; _builder_version=&#8221;4.9.1&#8243; _module_preset=&#8221;default&#8221; custom_margin=&#8221;72px|||5px|false|false&#8221; global_colors_info=&#8221;{}&#8221;][\/et_pb_image][et_pb_image src=&#8221;http:\/\/pos-sas.com\/aosistemas\/wp-content\/uploads\/2021\/03\/parex-1-1.png&#8221; title_text=&#8221;parex 1&#8243; _builder_version=&#8221;4.14.2&#8243; _module_preset=&#8221;default&#8221; custom_margin=&#8221;54px|||85px|false|false&#8221; global_colors_info=&#8221;{}&#8221;][\/et_pb_image][et_pb_image src=&#8221;http:\/\/pos-sas.com\/aosistemas\/wp-content\/uploads\/2021\/12\/77.png&#8221; title_text=&#8221;77&#8243; _builder_version=&#8221;4.14.2&#8243; _module_preset=&#8221;default&#8221; custom_margin=&#8221;44px|20px||30px|false|false&#8221; custom_padding=&#8221;|||38px|false|false&#8221; global_colors_info=&#8221;{}&#8221;][\/et_pb_image][et_pb_image src=&#8221;http:\/\/pos-sas.com\/aosistemas\/wp-content\/uploads\/2021\/03\/ESTRELLA-1.png&#8221; title_text=&#8221;ESTRELLA 1&#8243; _builder_version=&#8221;4.14.2&#8243; _module_preset=&#8221;default&#8221; custom_margin=&#8221;126px|||13px|false|false&#8221; custom_padding=&#8221;48px||||false|false&#8221; global_colors_info=&#8221;{}&#8221;][\/et_pb_image][\/et_pb_column][et_pb_column type=&#8221;1_2&#8243; _builder_version=&#8221;4.9.1&#8243; _module_preset=&#8221;default&#8221; global_colors_info=&#8221;{}&#8221;][et_pb_image src=&#8221;http:\/\/pos-sas.com\/aosistemas\/wp-content\/uploads\/2021\/03\/tuscany.png&#8221; title_text=&#8221;tuscany&#8221; _builder_version=&#8221;4.9.1&#8243; _module_preset=&#8221;default&#8221; custom_margin=&#8221;-89px||||false|false&#8221; global_colors_info=&#8221;{}&#8221;][\/et_pb_image][et_pb_image src=&#8221;http:\/\/pos-sas.com\/aosistemas\/wp-content\/uploads\/2021\/03\/PETRO-WORK.png&#8221; title_text=&#8221;PETRO-WORK&#8221; _builder_version=&#8221;4.14.2&#8243; _module_preset=&#8221;default&#8221; custom_margin=&#8221;-244px|||11px|false|false&#8221; custom_padding=&#8221;|||5px|false|false&#8221; global_colors_info=&#8221;{}&#8221;][\/et_pb_image][et_pb_image src=&#8221;http:\/\/pos-sas.com\/aosistemas\/wp-content\/uploads\/2021\/03\/qmaxxx.png&#8221; title_text=&#8221;qmaxxx&#8221; _builder_version=&#8221;4.14.2&#8243; _module_preset=&#8221;default&#8221; custom_margin=&#8221;-76px|-21px||-162px|false|false&#8221; custom_padding=&#8221;|||0px|false|false&#8221; global_colors_info=&#8221;{}&#8221;][\/et_pb_image][et_pb_image src=&#8221;http:\/\/pos-sas.com\/aosistemas\/wp-content\/uploads\/2021\/12\/unnamed.png&#8221; title_text=&#8221;unnamed&#8221; _builder_version=&#8221;4.14.2&#8243; _module_preset=&#8221;default&#8221; custom_margin=&#8221;159px|-21px||-124px|false|false&#8221; custom_padding=&#8221;|||0px|false|false&#8221; global_colors_info=&#8221;{}&#8221;][\/et_pb_image][\/et_pb_column][\/et_pb_row][\/et_pb_section][et_pb_section fb_built=&#8221;1&#8243; admin_label=&#8221;Footer&#8221; _builder_version=&#8221;4.9.0&#8243; use_background_color_gradient=&#8221;on&#8221; background_color_gradient_start=&#8221;rgba(0,0,0,0)&#8221; background_color_gradient_end=&#8221;rgba(0,0,0,0.75)&#8221; background_color_gradient_type=&#8221;radial&#8221; background_color_gradient_direction_radial=&#8221;left&#8221; background_color_gradient_start_position=&#8221;10%&#8221; background_color_gradient_end_position=&#8221;60%&#8221; background_color_gradient_overlays_image=&#8221;on&#8221; background_image=&#8221;http:\/\/pos-sas.com\/aosistemas\/wp-content\/uploads\/2021\/02\/workers-standing-and-checking-beside-working-oil-pumps-1.jpg&#8221; custom_padding=&#8221;|32px||||&#8221; animation_style=&#8221;fade&#8221; global_colors_info=&#8221;{}&#8221;][et_pb_row column_structure=&#8221;2_3,1_3&#8243; _builder_version=&#8221;3.25&#8243; global_colors_info=&#8221;{}&#8221;][et_pb_column type=&#8221;2_3&#8243; _builder_version=&#8221;3.25&#8243; custom_padding=&#8221;|||&#8221; global_colors_info=&#8221;{}&#8221; custom_padding__hover=&#8221;|||&#8221;][et_pb_text _builder_version=&#8221;4.9.0&#8243; text_font_size=&#8221;18px&#8221; header_font=&#8221;||||||||&#8221; header_font_size=&#8221;56px&#8221; header_6_font=&#8221;Libre Franklin|600|||||||&#8221; header_6_text_color=&#8221;#000000&#8243; header_6_font_size=&#8221;18px&#8221; header_6_line_height=&#8221;1.8em&#8221; custom_margin=&#8221;17px||||false|false&#8221; border_color_all=&#8221;#FFFFFF&#8221; border_width_bottom=&#8221;2px&#8221; locked=&#8221;off&#8221; global_colors_info=&#8221;{}&#8221;]<\/p>\n<h1><span style=\"color: #ffffff;\"><strong>CONT\u00c1CTENOS\u00a0<\/strong><\/span><\/h1>\n<p>[\/et_pb_text][et_pb_contact_form captcha=&#8221;off&#8221; module_id=&#8221;et_pb_contact_form_0&#8243; _builder_version=&#8221;4.13.1&#8243; _unique_id=&#8221;54cbd8c5-6d9a-4475-81d8-43c52cd1ee26&#8243; form_field_background_color=&#8221;#ffffff&#8221; form_field_font=&#8221;||||||||&#8221; form_field_line_height=&#8221;1.8em&#8221; custom_button=&#8221;on&#8221; button_text_size=&#8221;14px&#8221; button_text_color=&#8221;#ffffff&#8221; button_bg_color=&#8221;#ffb400&#8243; button_border_width=&#8221;20px&#8221; button_border_color=&#8221;rgba(0,0,0,0)&#8221; button_border_radius=&#8221;0px&#8221; button_letter_spacing=&#8221;3px&#8221; button_font=&#8221;Libre Franklin|700||on|||||&#8221; button_icon=&#8221;&#x24;||divi||400&#8243; box_shadow_style_button=&#8221;preset4&#8243; box_shadow_horizontal_button=&#8221;20px&#8221; box_shadow_vertical_button=&#8221;20px&#8221; box_shadow_spread_button=&#8221;-5px&#8221; box_shadow_color_button=&#8221;rgba(255,180,0,0.24)&#8221; form_background_color=&#8221;#ffffff&#8221; global_colors_info=&#8221;{}&#8221;][et_pb_contact_field field_id=&#8221;Name&#8221; field_title=&#8221;NOMBRE&#8221; _builder_version=&#8221;4.9.0&#8243; global_colors_info=&#8221;{}&#8221; button_text_size__hover_enabled=&#8221;off&#8221; button_one_text_size__hover_enabled=&#8221;off&#8221; button_two_text_size__hover_enabled=&#8221;off&#8221; button_text_color__hover_enabled=&#8221;off&#8221; button_one_text_color__hover_enabled=&#8221;off&#8221; button_two_text_color__hover_enabled=&#8221;off&#8221; button_border_width__hover_enabled=&#8221;off&#8221; button_one_border_width__hover_enabled=&#8221;off&#8221; button_two_border_width__hover_enabled=&#8221;off&#8221; button_border_color__hover_enabled=&#8221;off&#8221; button_one_border_color__hover_enabled=&#8221;off&#8221; button_two_border_color__hover_enabled=&#8221;off&#8221; button_border_radius__hover_enabled=&#8221;off&#8221; button_one_border_radius__hover_enabled=&#8221;off&#8221; button_two_border_radius__hover_enabled=&#8221;off&#8221; button_letter_spacing__hover_enabled=&#8221;off&#8221; button_one_letter_spacing__hover_enabled=&#8221;off&#8221; button_two_letter_spacing__hover_enabled=&#8221;off&#8221; button_bg_color__hover_enabled=&#8221;off&#8221; button_one_bg_color__hover_enabled=&#8221;off&#8221; button_two_bg_color__hover_enabled=&#8221;off&#8221;][\/et_pb_contact_field][et_pb_contact_field field_id=&#8221;Email&#8221; field_title=&#8221;CORREO&#8221; field_type=&#8221;email&#8221; _builder_version=&#8221;4.9.0&#8243; global_colors_info=&#8221;{}&#8221; button_text_size__hover_enabled=&#8221;off&#8221; button_one_text_size__hover_enabled=&#8221;off&#8221; button_two_text_size__hover_enabled=&#8221;off&#8221; button_text_color__hover_enabled=&#8221;off&#8221; button_one_text_color__hover_enabled=&#8221;off&#8221; button_two_text_color__hover_enabled=&#8221;off&#8221; button_border_width__hover_enabled=&#8221;off&#8221; button_one_border_width__hover_enabled=&#8221;off&#8221; button_two_border_width__hover_enabled=&#8221;off&#8221; button_border_color__hover_enabled=&#8221;off&#8221; button_one_border_color__hover_enabled=&#8221;off&#8221; button_two_border_color__hover_enabled=&#8221;off&#8221; button_border_radius__hover_enabled=&#8221;off&#8221; button_one_border_radius__hover_enabled=&#8221;off&#8221; button_two_border_radius__hover_enabled=&#8221;off&#8221; button_letter_spacing__hover_enabled=&#8221;off&#8221; button_one_letter_spacing__hover_enabled=&#8221;off&#8221; button_two_letter_spacing__hover_enabled=&#8221;off&#8221; button_bg_color__hover_enabled=&#8221;off&#8221; button_one_bg_color__hover_enabled=&#8221;off&#8221; button_two_bg_color__hover_enabled=&#8221;off&#8221;][\/et_pb_contact_field][et_pb_contact_field field_id=&#8221;Message&#8221; field_title=&#8221;MENSAJE&#8221; field_type=&#8221;text&#8221; fullwidth_field=&#8221;on&#8221; _builder_version=&#8221;4.9.0&#8243; global_colors_info=&#8221;{}&#8221; button_text_size__hover_enabled=&#8221;off&#8221; button_one_text_size__hover_enabled=&#8221;off&#8221; button_two_text_size__hover_enabled=&#8221;off&#8221; button_text_color__hover_enabled=&#8221;off&#8221; button_one_text_color__hover_enabled=&#8221;off&#8221; button_two_text_color__hover_enabled=&#8221;off&#8221; button_border_width__hover_enabled=&#8221;off&#8221; button_one_border_width__hover_enabled=&#8221;off&#8221; button_two_border_width__hover_enabled=&#8221;off&#8221; button_border_color__hover_enabled=&#8221;off&#8221; button_one_border_color__hover_enabled=&#8221;off&#8221; button_two_border_color__hover_enabled=&#8221;off&#8221; button_border_radius__hover_enabled=&#8221;off&#8221; button_one_border_radius__hover_enabled=&#8221;off&#8221; button_two_border_radius__hover_enabled=&#8221;off&#8221; button_letter_spacing__hover_enabled=&#8221;off&#8221; button_one_letter_spacing__hover_enabled=&#8221;off&#8221; button_two_letter_spacing__hover_enabled=&#8221;off&#8221; button_bg_color__hover_enabled=&#8221;off&#8221; button_one_bg_color__hover_enabled=&#8221;off&#8221; button_two_bg_color__hover_enabled=&#8221;off&#8221;][\/et_pb_contact_field][\/et_pb_contact_form][\/et_pb_column][et_pb_column type=&#8221;1_3&#8243; _builder_version=&#8221;3.25&#8243; custom_padding=&#8221;|||&#8221; global_colors_info=&#8221;{}&#8221; custom_padding__hover=&#8221;|||&#8221;][et_pb_blurb title=&#8221;OFICINA PRINCIPAL BOGOT\u00c1&#8221; use_icon=&#8221;on&#8221; font_icon=&#8221;&#xe081;||divi||400&#8243; icon_color=&#8221;#ffb400&#8243; icon_placement=&#8221;left&#8221; image_icon_width=&#8221;22px&#8221; _builder_version=&#8221;4.13.0&#8243; header_font=&#8221;Libre Franklin|600|||||||&#8221; header_line_height=&#8221;1.4em&#8221; body_font=&#8221;||||||||&#8221; body_line_height=&#8221;1.8em&#8221; background_layout=&#8221;dark&#8221; custom_margin=&#8221;67px|||29px|false|false&#8221; animation=&#8221;off&#8221; icon_font_size=&#8221;22px&#8221; locked=&#8221;off&#8221; global_colors_info=&#8221;{}&#8221;]<\/p>\n<p>CARRERA 7 # 156-68 Torre 3<br \/>Oficina &#8211; 1602<\/p>\n<p>[\/et_pb_blurb][et_pb_blurb title=&#8221;YOPAL ( CASANARE )&#8221; use_icon=&#8221;on&#8221; font_icon=&#8221;&#xe081;||divi||400&#8243; icon_color=&#8221;#ffb400&#8243; icon_placement=&#8221;left&#8221; image_icon_width=&#8221;22px&#8221; _builder_version=&#8221;4.13.0&#8243; header_font=&#8221;Libre Franklin|600|||||||&#8221; header_line_height=&#8221;1.4em&#8221; body_font=&#8221;||||||||&#8221; body_line_height=&#8221;1.8em&#8221; background_layout=&#8221;dark&#8221; custom_margin=&#8221;|||29px|false|false&#8221; animation=&#8221;off&#8221; icon_font_size=&#8221;22px&#8221; locked=&#8221;off&#8221; global_colors_info=&#8221;{}&#8221;]<\/p>\n<p>Kil\u00f3metro 7,5\u00a0 &#8211; V\u00eda Morichal<br \/>Parque Industrial Serpet\u00a0 \u00a0 \u00a0\u00a0 LOTE 24<\/p>\n<p>[\/et_pb_blurb][et_pb_blurb title=&#8221;VILLAVICENCIO ( META)&#8221; use_icon=&#8221;on&#8221; font_icon=&#8221;&#xe081;||divi||400&#8243; icon_color=&#8221;#ffb400&#8243; icon_placement=&#8221;left&#8221; image_icon_width=&#8221;22px&#8221; _builder_version=&#8221;4.13.0&#8243; header_font=&#8221;Libre Franklin|600|||||||&#8221; header_line_height=&#8221;1.4em&#8221; body_font=&#8221;||||||||&#8221; body_line_height=&#8221;1.8em&#8221; background_layout=&#8221;dark&#8221; custom_margin=&#8221;|||29px|false|false&#8221; custom_padding=&#8221;||0px|||&#8221; animation=&#8221;off&#8221; icon_font_size=&#8221;22px&#8221; locked=&#8221;off&#8221; global_colors_info=&#8221;{}&#8221;]<\/p>\n<p>Km. 10 Via Puerto Lopez Vereda Vigia Parque Empresarial San Marcos\u00a0&#8211;\u00a0Lote\u00a0P9<\/p>\n<p>[\/et_pb_blurb][et_pb_blurb title=&#8221;L\u00cdNEA TELEF\u00d3NICA&#8221; use_icon=&#8221;on&#8221; font_icon=&#8221;&#xe090;||divi||400&#8243; icon_color=&#8221;#ffb400&#8243; icon_placement=&#8221;left&#8221; image_icon_width=&#8221;22px&#8221; _builder_version=&#8221;4.13.0&#8243; header_font=&#8221;Libre Franklin|600|||||||&#8221; header_line_height=&#8221;1.4em&#8221; body_font=&#8221;||||||||&#8221; body_line_height=&#8221;1.8em&#8221; background_layout=&#8221;dark&#8221; custom_margin=&#8221;|||29px|false|false&#8221; animation=&#8221;off&#8221; icon_font_size=&#8221;22px&#8221; locked=&#8221;off&#8221; global_colors_info=&#8221;{}&#8221;]<\/p>\n<p><span>Tel: (+57) 601-6954-161<br \/>\u00a0<\/span><\/p>\n<p>[\/et_pb_blurb][\/et_pb_column][\/et_pb_row][et_pb_row _builder_version=&#8221;4.9.1&#8243; _module_preset=&#8221;default&#8221; global_colors_info=&#8221;{}&#8221;][et_pb_column type=&#8221;4_4&#8243; _builder_version=&#8221;4.9.1&#8243; _module_preset=&#8221;default&#8221; global_colors_info=&#8221;{}&#8221;][et_pb_button button_url=&#8221;http:\/\/possas.myqnapcloud.com:9999\/cgi-bin\/login.html?1615167270&#8243; url_new_window=&#8221;on&#8221; button_text=&#8221;COMUNIDAD POS&#8221; _builder_version=&#8221;4.14.2&#8243; _module_preset=&#8221;default&#8221; custom_button=&#8221;on&#8221; button_text_size=&#8221;23px&#8221; button_text_color=&#8221;#FFFFFF&#8221; button_border_width=&#8221;6px&#8221; background_layout=&#8221;dark&#8221; custom_margin=&#8221;87px|||667px|false|false&#8221; global_colors_info=&#8221;{}&#8221;][\/et_pb_button][\/et_pb_column][\/et_pb_row][\/et_pb_section]<\/p>\n","protected":false},"excerpt":{"rendered":"<p>Por m\u00e1s de siete a\u00f1os hemos logrado ser los aliados estrat\u00e9gicos en diferentes proyectos de perforaci\u00f3n, completamiento y Work Over.Contamos con contratos y\/o actividades vigentes con nuestros principales clientes, contribuyendo con el desarrollo de sus actividades en sus diferentes proyectos, en territorio nacional.CONT\u00c1CTENOS\u00a0CARRERA 7 # 156-68 Torre 3Oficina &#8211; 1602Kil\u00f3metro 7,5\u00a0 &#8211; V\u00eda MorichalParque Industrial [&hellip;]<\/p>\n","protected":false},"author":1,"featured_media":0,"parent":0,"menu_order":0,"comment_status":"closed","ping_status":"closed","template":"","meta":{"_et_pb_use_builder":"on","_et_pb_old_content":"","_et_gb_content_width":"","footnotes":""},"class_list":["post-645","page","type-page","status-publish","hentry"],"_links":{"self":[{"href":"https:\/\/pos-sas.com\/aosistemas\/wp-json\/wp\/v2\/pages\/645","targetHints":{"allow":["GET"]}}],"collection":[{"href":"https:\/\/pos-sas.com\/aosistemas\/wp-json\/wp\/v2\/pages"}],"about":[{"href":"https:\/\/pos-sas.com\/aosistemas\/wp-json\/wp\/v2\/types\/page"}],"author":[{"embeddable":true,"href":"https:\/\/pos-sas.com\/aosistemas\/wp-json\/wp\/v2\/users\/1"}],"replies":[{"embeddable":true,"href":"https:\/\/pos-sas.com\/aosistemas\/wp-json\/wp\/v2\/comments?post=645"}],"version-history":[{"count":10,"href":"https:\/\/pos-sas.com\/aosistemas\/wp-json\/wp\/v2\/pages\/645\/revisions"}],"predecessor-version":[{"id":702,"href":"https:\/\/pos-sas.com\/aosistemas\/wp-json\/wp\/v2\/pages\/645\/revisions\/702"}],"wp:attachment":[{"href":"https:\/\/pos-sas.com\/aosistemas\/wp-json\/wp\/v2\/media?parent=645"}],"curies":[{"name":"wp","href":"https:\/\/api.w.org\/{rel}","templated":true}]}}